{"id":1481,"date":"2020-04-17T22:37:19","date_gmt":"2020-04-17T22:37:19","guid":{"rendered":"https:\/\/cnevado.cl\/?page_id=1481"},"modified":"2024-01-02T15:01:28","modified_gmt":"2024-01-02T15:01:28","slug":"alto-norte","status":"publish","type":"page","link":"https:\/\/cnevado.cl\/?page_id=1481","title":{"rendered":"Alto Norte"},"content":{"rendered":"<p>[et_pb_section fb_built=\u00bb1&#8243; fullwidth=\u00bbon\u00bb _builder_version=\u00bb4.4.0&#8243; bottom_divider_repeat=\u00bb0x\u00bb animation_style=\u00bbfade\u00bb][et_pb_fullwidth_slider arrows_custom_color=\u00bb#FFFFFF\u00bb dot_nav_custom_color=\u00bb#FFFFFF\u00bb _builder_version=\u00bb4.4.0&#8243; header_font=\u00bb||||||||\u00bb header_text_align=\u00bbleft\u00bb header_font_size=\u00bb46px\u00bb animation_direction=\u00bbleft\u00bb auto=\u00bbon\u00bb auto_ignore_hover=\u00bbon\u00bb header_font_tablet=\u00bb\u00bb header_font_phone=\u00bb\u00bb header_font_last_edited=\u00bbon|phone\u00bb header_font_size_tablet=\u00bb35px\u00bb header_font_size_phone=\u00bb25px\u00bb header_font_size_last_edited=\u00bbon|desktop\u00bb][et_pb_slide heading=\u00bbAlto Norte\u00bb use_bg_overlay=\u00bboff\u00bb use_text_overlay=\u00bboff\u00bb _builder_version=\u00bb4.4.0&#8243; header_font=\u00bbAlegreya Sans|700|||||||\u00bb header_text_align=\u00bbleft\u00bb header_line_height=\u00bb0.1em\u00bb body_font=\u00bb|600||on|||||\u00bb body_text_align=\u00bbleft\u00bb background_enable_color=\u00bboff\u00bb background_color_gradient_direction=\u00bb250deg\u00bb background_image=\u00bbhttps:\/\/cnevado.cl\/wp-content\/uploads\/2020\/04\/ALTONORTE-BANNER-CENTRAL-7-1.png\u00bb background_enable_image=\u00bbon\u00bb background_blend=\u00bbdarken\u00bb custom_button=\u00bbon\u00bb button_text_size=\u00bb17px\u00bb button_border_width=\u00bb1px\u00bb button_font=\u00bbAlegreya Sans||||||||\u00bb button_use_icon=\u00bbon\u00bb button_on_hover=\u00bbon\u00bb button_alignment=\u00bbleft\u00bb][\/et_pb_slide][\/et_pb_fullwidth_slider][\/et_pb_section][et_pb_section fb_built=\u00bb1&#8243; _builder_version=\u00bb4.4.0&#8243; custom_margin=\u00bb||0px||false|false\u00bb custom_padding=\u00bb70px||50px||false|false\u00bb top_divider_style=\u00bbasymmetric3&#8243; top_divider_color=\u00bb#626f8e\u00bb top_divider_height=\u00bb46px\u00bb animation_style=\u00bbfade\u00bb][et_pb_row _builder_version=\u00bb4.4.0&#8243; custom_margin=\u00bb30px||30px||false|false\u00bb custom_padding=\u00bb0px||0px||false|false\u00bb][et_pb_column type=\u00bb4_4&#8243; _builder_version=\u00bb4.4.0&#8243;][et_pb_text _builder_version=\u00bb4.4.0&#8243; text_font=\u00bbAbel|700||on|||||\u00bb text_text_color=\u00bb#3b3b91&#8243; text_font_size=\u00bb25px\u00bb text_letter_spacing=\u00bb1px\u00bb text_orientation=\u00bbcenter\u00bb]<\/p>\n<p>Alto Norte<\/p>\n<p>[\/et_pb_text][\/et_pb_column][\/et_pb_row][et_pb_row column_structure=\u00bb1_3,1_3,1_3&#8243; _builder_version=\u00bb4.4.0&#8243; custom_margin=\u00bb30px||30px||false|false\u00bb custom_padding=\u00bb0px||0px||false|false\u00bb][et_pb_column type=\u00bb1_3&#8243; _builder_version=\u00bb4.4.0&#8243;][et_pb_blurb title=\u00bbMandante\u00bb image=\u00bbhttps:\/\/cnevado.cl\/wp-content\/uploads\/2020\/03\/Altonorte.png\u00bb image_max_width=\u00bb53%\u00bb _builder_version=\u00bb4.4.0&#8243; header_font=\u00bbAbel|700|||||||\u00bb header_text_align=\u00bbcenter\u00bb header_line_height=\u00bb0em\u00bb body_font=\u00bbAbel||||||||\u00bb body_text_align=\u00bbcenter\u00bb body_text_color=\u00bb#000000&#8243; body_font_size=\u00bb16px\u00bb border_color_all_image=\u00bb#e95402&#8243;]<\/p>\n<p>ALTO NORTE S.A.<\/p>\n<p>[\/et_pb_blurb][\/et_pb_column][et_pb_column type=\u00bb1_3&#8243; _builder_version=\u00bb4.4.0&#8243;][et_pb_blurb title=\u00bbNombre de la Obra\u00bb image=\u00bbhttps:\/\/cnevado.cl\/wp-content\/uploads\/2020\/03\/casco.png\u00bb image_max_width=\u00bb54%\u00bb _builder_version=\u00bb4.4.0&#8243; header_font=\u00bbAbel|700|||||||\u00bb header_text_align=\u00bbcenter\u00bb header_line_height=\u00bb0em\u00bb body_font=\u00bbAbel||||||||\u00bb body_text_align=\u00bbcenter\u00bb body_text_color=\u00bb#000000&#8243; body_font_size=\u00bb16px\u00bb module_alignment=\u00bbcenter\u00bb border_color_all_image=\u00bb#e95402&#8243;]<\/p>\n<p>Servicio de Construcci\u00f3n de Obras Civiles Reactor<\/p>\n<p>[\/et_pb_blurb][\/et_pb_column][et_pb_column type=\u00bb1_3&#8243; _builder_version=\u00bb4.4.0&#8243;][et_pb_blurb title=\u00bbValor\u00bb image=\u00bbhttps:\/\/cnevado.cl\/wp-content\/uploads\/2020\/03\/Peso-Vector-4.png\u00bb image_max_width=\u00bb54%\u00bb _builder_version=\u00bb4.4.0&#8243; header_font=\u00bbAbel|700|||||||\u00bb header_text_align=\u00bbcenter\u00bb header_line_height=\u00bb0em\u00bb body_font=\u00bbAbel||||||||\u00bb body_text_align=\u00bbcenter\u00bb body_text_color=\u00bb#000000&#8243; body_font_size=\u00bb16px\u00bb module_alignment=\u00bbcenter\u00bb border_color_all_image=\u00bb#e95402&#8243;]<\/p>\n<p>US $898.513.-<\/p>\n<p>[\/et_pb_blurb][\/et_pb_column][\/et_pb_row][et_pb_row column_structure=\u00bb1_3,2_3&#8243; _builder_version=\u00bb4.4.0&#8243; custom_margin=\u00bb30px||30px||false|false\u00bb custom_padding=\u00bb0px||0px||false|false\u00bb][et_pb_column type=\u00bb1_3&#8243; _builder_version=\u00bb4.4.0&#8243;][et_pb_blurb title=\u00bbDescripci\u00f3n:\u00bb use_icon=\u00bbon\u00bb font_icon=\u00bb%%65%%\u00bb icon_color=\u00bb#000000&#8243; icon_placement=\u00bbleft\u00bb use_icon_font_size=\u00bbon\u00bb icon_font_size=\u00bb30px\u00bb _builder_version=\u00bb4.4.0&#8243; header_font=\u00bbAbel|700|||||||\u00bb header_line_height=\u00bb1.6em\u00bb body_font=\u00bbAbel||||||||\u00bb body_text_align=\u00bbjustify\u00bb body_font_size=\u00bb16px\u00bb][\/et_pb_blurb][\/et_pb_column][et_pb_column type=\u00bb2_3&#8243; _builder_version=\u00bb4.4.0&#8243;][\/et_pb_column][\/et_pb_row][et_pb_row column_structure=\u00bb1_2,1_2&#8243; _builder_version=\u00bb4.4.0&#8243; custom_margin=\u00bb30px||30px||false|false\u00bb custom_padding=\u00bb0px||0px||false|false\u00bb][et_pb_column type=\u00bb1_2&#8243; _builder_version=\u00bb4.4.0&#8243;][et_pb_text _builder_version=\u00bb4.4.0&#8243; text_font=\u00bbAbel||||||||\u00bb text_text_color=\u00bb#000000&#8243; text_font_size=\u00bb18px\u00bb text_orientation=\u00bbjustified\u00bb]<\/p>\n<p>Durante la parada de planta, se realizaron los trabajos de reparaci\u00f3n de soporte Bogyflex, reparaci\u00f3n de muro foso CPS N\u00b01, reparaci\u00f3n de OOCC del \u00e1rea del Reactor. Los trabajos previos a las paradas de planta consistieron en fundaciones, soportes, montaje de estructuras, cableado el\u00e9ctrico, habilitaci\u00f3n y normado del sistema, reparaci\u00f3n OOCC RN.<\/p>\n<p>&nbsp;<\/p>\n<p>[\/et_pb_text][\/et_pb_column][et_pb_column type=\u00bb1_2&#8243; _builder_version=\u00bb4.4.0&#8243;][et_pb_gallery gallery_ids=\u00bb2429,2425,1123,2427,2426,2428,2430,2431,2432&#8243; posts_number=\u00bb2&#8243; orientation=\u00bbportrait\u00bb show_title_and_caption=\u00bboff\u00bb zoom_icon_color=\u00bb#626f8e\u00bb hover_overlay_color=\u00bbrgba(255,255,255,0.61)\u00bb _builder_version=\u00bb4.4.0&#8243; pagination_font=\u00bbAbel||||||||\u00bb][\/et_pb_gallery][\/et_pb_column][\/et_pb_row][\/et_pb_section][et_pb_section fb_built=\u00bb1&#8243; _builder_version=\u00bb4.4.0&#8243; custom_margin=\u00bb||0px||false|false\u00bb custom_padding=\u00bb70px||50px||false|false\u00bb top_divider_style=\u00bbasymmetric4&#8243; top_divider_color=\u00bb#626f8e\u00bb top_divider_height=\u00bb46px\u00bb animation_style=\u00bbfade\u00bb][et_pb_row _builder_version=\u00bb4.4.0&#8243; custom_margin=\u00bb||10px||false|false\u00bb custom_padding=\u00bb0px||0px||false|false\u00bb][et_pb_column type=\u00bb4_4&#8243; _builder_version=\u00bb4.4.0&#8243;][et_pb_text _builder_version=\u00bb4.4.0&#8243; text_font=\u00bbAbel|700||on|||||\u00bb text_text_color=\u00bb#3b3b91&#8243; text_font_size=\u00bb25px\u00bb text_letter_spacing=\u00bb1px\u00bb]<\/p>\n<p><span>+ EXPERIENCIA<\/span><\/p>\n<p>[\/et_pb_text][\/et_pb_column][\/et_pb_row][et_pb_row column_structure=\u00bb1_2,1_2&#8243; _builder_version=\u00bb4.4.0&#8243; custom_margin=\u00bb-2px||||false|false\u00bb global_module=\u00bb784&#8243; saved_tabs=\u00bball\u00bb][et_pb_column type=\u00bb1_2&#8243; _builder_version=\u00bb4.4.0&#8243;][et_pb_blurb title=\u00bbMinera Spence BHP\u00bb url=\u00bbhttps:\/\/cnevado.cl\/?page_id=732&#8243; image=\u00bbhttps:\/\/cnevado.cl\/wp-content\/uploads\/2020\/03\/BHP-Spence-1.png\u00bb icon_placement=\u00bbleft\u00bb _builder_version=\u00bb4.4.0&#8243; header_font=\u00bbAbel|700|||||||\u00bb header_font_size=\u00bb18px\u00bb header_line_height=\u00bb1.7em\u00bb body_font=\u00bbAbel||||||||\u00bb body_font_size=\u00bb16px\u00bb background_color=\u00bbrgba(224,153,0,0.41)\u00bb custom_padding=\u00bb15px|5px|5px|5px|false|false\u00bb animation_style=\u00bbslide\u00bb animation_direction=\u00bbleft\u00bb link_option_url=\u00bbhttps:\/\/cnevado.cl\/?page_id=732&#8243; border_color_all=\u00bb#e09900&#8243; border_color_all_image=\u00bb#e09900&#8243; box_shadow_style=\u00bbpreset3&#8243;][\/et_pb_blurb][et_pb_blurb title=\u00bbCompa\u00f1\u00eda Minera Cerro Colorado \u2013 BHP\u00bb url=\u00bbhttps:\/\/cnevado.cl\/?page_id=743&#8243; image=\u00bbhttps:\/\/cnevado.cl\/wp-content\/uploads\/2020\/03\/bhp-colorado-1.png\u00bb icon_placement=\u00bbleft\u00bb _builder_version=\u00bb4.4.0&#8243; header_font=\u00bbAbel|700|||||||\u00bb header_font_size=\u00bb18px\u00bb header_line_height=\u00bb1.7em\u00bb body_font=\u00bbAbel||||||||\u00bb body_font_size=\u00bb16px\u00bb background_color=\u00bbrgba(12,113,195,0.34)\u00bb custom_padding=\u00bb15px|5px|5px|5px|false|false\u00bb animation_style=\u00bbslide\u00bb animation_direction=\u00bbleft\u00bb link_option_url=\u00bbhttps:\/\/cnevado.cl\/?page_id=743&#8243; border_color_all=\u00bb#e09900&#8243; border_color_all_image=\u00bb#0c71c3&#8243; box_shadow_style=\u00bbpreset3&#8243;][\/et_pb_blurb][et_pb_blurb title=\u00bbCodelco Divisi\u00f3n Ministro Hales\u00bb url=\u00bbhttps:\/\/cnevado.cl\/?page_id=751&#8243; image=\u00bbhttps:\/\/cnevado.cl\/wp-content\/uploads\/2020\/03\/Codelco-DMH.png\u00bb icon_placement=\u00bbleft\u00bb _builder_version=\u00bb4.4.0&#8243; header_font=\u00bbAbel|700|||||||\u00bb header_font_size=\u00bb18px\u00bb header_line_height=\u00bb1.7em\u00bb body_font=\u00bbAbel||||||||\u00bb body_font_size=\u00bb16px\u00bb background_color=\u00bbrgba(224,153,0,0.41)\u00bb custom_padding=\u00bb15px|5px|5px|5px|false|false\u00bb animation_style=\u00bbslide\u00bb animation_direction=\u00bbleft\u00bb link_option_url=\u00bbhttps:\/\/cnevado.cl\/?page_id=751&#8243; border_color_all=\u00bb#e09900&#8243; border_color_all_image=\u00bb#e09900&#8243; box_shadow_style=\u00bbpreset3&#8243;][\/et_pb_blurb][et_pb_blurb title=\u00bbCodelco Divisi\u00f3n Radomiro Tomic\u00bb url=\u00bbhttps:\/\/cnevado.cl\/?page_id=763&#8243; image=\u00bbhttps:\/\/cnevado.cl\/wp-content\/uploads\/2020\/03\/Codelco-RT.png\u00bb icon_placement=\u00bbleft\u00bb _builder_version=\u00bb4.4.0&#8243; header_font=\u00bbAbel|700|||||||\u00bb header_font_size=\u00bb18px\u00bb header_line_height=\u00bb1.7em\u00bb body_font=\u00bbAbel||||||||\u00bb body_font_size=\u00bb16px\u00bb background_color=\u00bbrgba(12,113,195,0.34)\u00bb custom_padding=\u00bb15px|5px|5px|5px|false|false\u00bb animation_style=\u00bbslide\u00bb animation_direction=\u00bbleft\u00bb link_option_url=\u00bbhttps:\/\/cnevado.cl\/?page_id=763&#8243; border_color_all=\u00bb#e09900&#8243; border_color_all_image=\u00bb#0c71c3&#8243; box_shadow_style=\u00bbpreset3&#8243;][\/et_pb_blurb][et_pb_blurb title=\u00bbCodelco Divisi\u00f3n Gabriela Mistral\u00bb url=\u00bbhttps:\/\/cnevado.cl\/?page_id=1486&#8243; image=\u00bbhttps:\/\/cnevado.cl\/wp-content\/uploads\/2020\/03\/Gaby.png\u00bb icon_placement=\u00bbleft\u00bb _builder_version=\u00bb4.4.0&#8243; header_font=\u00bbAbel|700|||||||\u00bb header_font_size=\u00bb18px\u00bb header_line_height=\u00bb1.7em\u00bb body_font=\u00bbAbel||||||||\u00bb body_font_size=\u00bb16px\u00bb background_color=\u00bbrgba(224,153,0,0.41)\u00bb custom_padding=\u00bb15px|5px|5px|5px|false|false\u00bb animation_style=\u00bbslide\u00bb animation_direction=\u00bbleft\u00bb link_option_url=\u00bbhttps:\/\/cnevado.cl\/?page_id=1486&#8243; border_color_all=\u00bb#e09900&#8243; border_color_all_image=\u00bb#e09900&#8243; box_shadow_style=\u00bbpreset3&#8243;][\/et_pb_blurb][et_pb_blurb title=\u00bbCodelco Divisi\u00f3n Chuquicamata\u00bb url=\u00bbhttps:\/\/cnevado.cl\/?page_id=1393&#8243; image=\u00bbhttps:\/\/cnevado.cl\/wp-content\/uploads\/2020\/03\/Codelco-Chuqui.png\u00bb icon_placement=\u00bbleft\u00bb _builder_version=\u00bb4.4.0&#8243; header_font=\u00bbAbel|700|||||||\u00bb header_font_size=\u00bb18px\u00bb header_line_height=\u00bb1.7em\u00bb body_font=\u00bbAbel||||||||\u00bb body_font_size=\u00bb16px\u00bb background_color=\u00bbrgba(12,113,195,0.34)\u00bb custom_padding=\u00bb15px|5px|5px|5px|false|false\u00bb animation_style=\u00bbslide\u00bb animation_direction=\u00bbleft\u00bb link_option_url=\u00bbhttps:\/\/cnevado.cl\/?page_id=1393&#8243; border_color_all=\u00bb#e09900&#8243; border_color_all_image=\u00bb#0c71c3&#8243; box_shadow_style=\u00bbpreset3&#8243;][\/et_pb_blurb][et_pb_blurb title=\u00bbAlto Norte\u00bb url=\u00bbhttps:\/\/cnevado.cl\/?page_id=1481&#8243; image=\u00bbhttps:\/\/cnevado.cl\/wp-content\/uploads\/2020\/03\/Altonorte.png\u00bb icon_placement=\u00bbleft\u00bb _builder_version=\u00bb4.4.0&#8243; header_font=\u00bbAbel|700|||||||\u00bb header_font_size=\u00bb18px\u00bb header_line_height=\u00bb1.7em\u00bb body_font=\u00bbAbel||||||||\u00bb body_font_size=\u00bb16px\u00bb background_color=\u00bbrgba(224,153,0,0.41)\u00bb custom_padding=\u00bb15px|5px|5px|5px|false|false\u00bb animation_style=\u00bbslide\u00bb animation_direction=\u00bbleft\u00bb link_option_url=\u00bbhttps:\/\/cnevado.cl\/?page_id=1481&#8243; border_color_all=\u00bb#e09900&#8243; border_color_all_image=\u00bb#e09900&#8243; box_shadow_style=\u00bbpreset3&#8243;][\/et_pb_blurb][\/et_pb_column][et_pb_column type=\u00bb1_2&#8243; _builder_version=\u00bb4.4.0&#8243;][et_pb_blurb title=\u00bbEcometales Limited Agencia en Chile\u00bb url=\u00bbhttps:\/\/cnevado.cl\/?page_id=817&#8243; image=\u00bbhttps:\/\/cnevado.cl\/wp-content\/uploads\/2020\/03\/Ecometales.png\u00bb icon_placement=\u00bbleft\u00bb _builder_version=\u00bb4.4.0&#8243; header_font=\u00bbAbel|700|||||||\u00bb header_font_size=\u00bb18px\u00bb header_line_height=\u00bb1.7em\u00bb body_font=\u00bbAbel||||||||\u00bb body_font_size=\u00bb16px\u00bb background_color=\u00bbrgba(224,153,0,0.41)\u00bb custom_padding=\u00bb15px|5px|5px|5px|false|false\u00bb animation_style=\u00bbslide\u00bb animation_direction=\u00bbright\u00bb link_option_url=\u00bbhttps:\/\/cnevado.cl\/?page_id=817&#8243; border_color_all=\u00bb#e09900&#8243; border_color_all_image=\u00bb#0c71c3&#8243; box_shadow_style=\u00bbpreset3&#8243;][\/et_pb_blurb][et_pb_blurb title=\u00bbEnaex\u00bb url=\u00bbhttps:\/\/cnevado.cl\/?page_id=825&#8243; image=\u00bbhttps:\/\/cnevado.cl\/wp-content\/uploads\/2020\/03\/ENAEX.png\u00bb icon_placement=\u00bbleft\u00bb _builder_version=\u00bb4.4.0&#8243; header_font=\u00bbAbel|700|||||||\u00bb header_font_size=\u00bb18px\u00bb header_line_height=\u00bb1.7em\u00bb body_font=\u00bbAbel||||||||\u00bb body_font_size=\u00bb16px\u00bb background_color=\u00bbrgba(12,113,195,0.34)\u00bb custom_padding=\u00bb15px|5px|5px|5px|false|false\u00bb animation_style=\u00bbslide\u00bb animation_direction=\u00bbright\u00bb link_option_url=\u00bbhttps:\/\/cnevado.cl\/?page_id=825&#8243; border_color_all=\u00bb#e09900&#8243; border_color_all_image=\u00bb#0c71c3&#8243; box_shadow_style=\u00bbpreset3&#8243;][\/et_pb_blurb][et_pb_blurb title=\u00bbMinera Centinela\u00bb url=\u00bbhttps:\/\/cnevado.cl\/?page_id=852&#8243; image=\u00bbhttps:\/\/cnevado.cl\/wp-content\/uploads\/2020\/03\/Centinela.png\u00bb icon_placement=\u00bbleft\u00bb _builder_version=\u00bb4.4.0&#8243; header_font=\u00bbAbel|700|||||||\u00bb header_font_size=\u00bb18px\u00bb header_line_height=\u00bb1.7em\u00bb body_font=\u00bbAbel||||||||\u00bb body_font_size=\u00bb16px\u00bb background_color=\u00bbrgba(224,153,0,0.41)\u00bb custom_padding=\u00bb15px|5px|5px|5px|false|false\u00bb animation_style=\u00bbslide\u00bb animation_direction=\u00bbright\u00bb link_option_url=\u00bbhttps:\/\/cnevado.cl\/?page_id=852&#8243; border_color_all=\u00bb#e09900&#8243; box_shadow_style=\u00bbpreset3&#8243;][\/et_pb_blurb][et_pb_blurb title=\u00bbSQM\u00bb url=\u00bbhttps:\/\/cnevado.cl\/?page_id=869&#8243; image=\u00bbhttps:\/\/cnevado.cl\/wp-content\/uploads\/2020\/03\/SQM.png\u00bb icon_placement=\u00bbleft\u00bb _builder_version=\u00bb4.4.0&#8243; header_font=\u00bbAbel|700|||||||\u00bb header_font_size=\u00bb18px\u00bb header_line_height=\u00bb1.7em\u00bb body_font=\u00bbAbel||||||||\u00bb body_font_size=\u00bb16px\u00bb background_color=\u00bbrgba(12,113,195,0.34)\u00bb custom_padding=\u00bb15px|5px|5px|5px|false|false\u00bb animation_style=\u00bbslide\u00bb animation_direction=\u00bbright\u00bb link_option_url=\u00bbhttps:\/\/cnevado.cl\/?page_id=869&#8243; border_color_all=\u00bb#e09900&#8243; box_shadow_style=\u00bbpreset3&#8243;][\/et_pb_blurb][et_pb_blurb title=\u00bbCodelco Vicepresidencia de Proyectos\u00bb url=\u00bbhttps:\/\/cnevado.cl\/?page_id=1497&#8243; image=\u00bbhttps:\/\/cnevado.cl\/wp-content\/uploads\/2020\/04\/Codelco-VP.png\u00bb icon_placement=\u00bbleft\u00bb _builder_version=\u00bb4.4.0&#8243; header_font=\u00bbAbel|700|||||||\u00bb header_font_size=\u00bb18px\u00bb header_line_height=\u00bb1.7em\u00bb body_font=\u00bbAbel||||||||\u00bb body_font_size=\u00bb16px\u00bb background_color=\u00bbrgba(224,153,0,0.41)\u00bb custom_padding=\u00bb15px|5px|5px|5px|false|false\u00bb animation_style=\u00bbslide\u00bb animation_direction=\u00bbright\u00bb link_option_url=\u00bbhttps:\/\/cnevado.cl\/?page_id=1497&#8243; border_color_all=\u00bb#e09900&#8243; box_shadow_style=\u00bbpreset3&#8243;][\/et_pb_blurb][et_pb_blurb title=\u00bbEl Abra\u00bb url=\u00bbhttps:\/\/cnevado.cl\/?page_id=1409&#8243; image=\u00bbhttps:\/\/cnevado.cl\/wp-content\/uploads\/2020\/03\/El-abra.png\u00bb icon_placement=\u00bbleft\u00bb _builder_version=\u00bb4.4.0&#8243; header_font=\u00bbAbel|700|||||||\u00bb header_font_size=\u00bb18px\u00bb header_line_height=\u00bb1.7em\u00bb body_font=\u00bbAbel||||||||\u00bb body_font_size=\u00bb16px\u00bb background_color=\u00bbrgba(12,113,195,0.34)\u00bb custom_padding=\u00bb15px|5px|5px|5px|false|false\u00bb animation_style=\u00bbslide\u00bb animation_direction=\u00bbright\u00bb link_option_url=\u00bbhttps:\/\/cnevado.cl\/?page_id=1409&#8243; border_color_all=\u00bb#e09900&#8243; box_shadow_style=\u00bbpreset3&#8243;][\/et_pb_blurb][\/et_pb_column][\/et_pb_row][\/et_pb_section]<\/p>\n","protected":false},"excerpt":{"rendered":"<p>[et_pb_section fb_built=&raquo;1&Prime; fullwidth=&raquo;on&raquo; _builder_version=&raquo;4.4.0&Prime; bottom_divider_repeat=&raquo;0x&raquo; animation_style=&raquo;fade&raquo;][et_pb_fullwidth_slider arrows_custom_color=&raquo;#FFFFFF&raquo; dot_nav_custom_color=&raquo;#FFFFFF&raquo; _builder_version=&raquo;4.4.0&Prime; header_font=&raquo;||||||||&raquo; header_text_align=&raquo;left&raquo; header_font_size=&raquo;46px&raquo; animation_direction=&raquo;left&raquo; auto=&raquo;on&raquo; auto_ignore_hover=&raquo;on&raquo; header_font_tablet=&raquo;&raquo; header_font_phone=&raquo;&raquo; header_font_last_edited=&raquo;on|phone&raquo; header_font_size_tablet=&raquo;35px&raquo; header_font_size_phone=&raquo;25px&raquo; header_font_size_last_edited=&raquo;on|desktop&raquo;][et_pb_slide heading=&raquo;Alto Norte&raquo; use_bg_overlay=&raquo;off&raquo; use_text_overlay=&raquo;off&raquo; _builder_version=&raquo;4.4.0&Prime; header_font=&raquo;Alegreya Sans|700|||||||&raquo; header_text_align=&raquo;left&raquo; header_line_height=&raquo;0.1em&raquo; body_font=&raquo;|600||on|||||&raquo; body_text_align=&raquo;left&raquo; background_enable_color=&raquo;off&raquo; background_color_gradient_direction=&raquo;250deg&raquo; background_image=&raquo;https:\/\/cnevado.cl\/wp-content\/uploads\/2020\/04\/ALTONORTE-BANNER-CENTRAL-7-1.png&raquo; background_enable_image=&raquo;on&raquo; background_blend=&raquo;darken&raquo; custom_button=&raquo;on&raquo; button_text_size=&raquo;17px&raquo; button_border_width=&raquo;1px&raquo; button_font=&raquo;Alegreya Sans||||||||&raquo; button_use_icon=&raquo;on&raquo; button_on_hover=&raquo;on&raquo; button_alignment=&raquo;left&raquo;][\/et_pb_slide][\/et_pb_fullwidth_slider][\/et_pb_section][et_pb_section fb_built=&raquo;1&Prime; _builder_version=&raquo;4.4.0&Prime; custom_margin=&raquo;||0px||false|false&raquo; custom_padding=&raquo;70px||50px||false|false&raquo; top_divider_style=&raquo;asymmetric3&Prime; top_divider_color=&raquo;#626f8e&raquo; top_divider_height=&raquo;46px&raquo; animation_style=&raquo;fade&raquo;][et_pb_row _builder_version=&raquo;4.4.0&Prime; custom_margin=&raquo;30px||30px||false|false&raquo; [&hellip;]<\/p>\n","protected":false},"author":1,"featured_media":0,"parent":0,"menu_order":0,"comment_status":"closed","ping_status":"closed","template":"","meta":{"_et_pb_use_builder":"on","_et_pb_old_content":"","_et_gb_content_width":"","footnotes":""},"class_list":["post-1481","page","type-page","status-publish","hentry"],"_links":{"self":[{"href":"https:\/\/cnevado.cl\/index.php?rest_route=\/wp\/v2\/pages\/1481"}],"collection":[{"href":"https:\/\/cnevado.cl\/index.php?rest_route=\/wp\/v2\/pages"}],"about":[{"href":"https:\/\/cnevado.cl\/index.php?rest_route=\/wp\/v2\/types\/page"}],"author":[{"embeddable":true,"href":"https:\/\/cnevado.cl\/index.php?rest_route=\/wp\/v2\/users\/1"}],"replies":[{"embeddable":true,"href":"https:\/\/cnevado.cl\/index.php?rest_route=%2Fwp%2Fv2%2Fcomments&post=1481"}],"version-history":[{"count":1,"href":"https:\/\/cnevado.cl\/index.php?rest_route=\/wp\/v2\/pages\/1481\/revisions"}],"predecessor-version":[{"id":3310,"href":"https:\/\/cnevado.cl\/index.php?rest_route=\/wp\/v2\/pages\/1481\/revisions\/3310"}],"wp:attachment":[{"href":"https:\/\/cnevado.cl\/index.php?rest_route=%2Fwp%2Fv2%2Fmedia&parent=1481"}],"curies":[{"name":"wp","href":"https:\/\/api.w.org\/{rel}","templated":true}]}}